{"id":2320,"date":"2016-08-27T11:41:45","date_gmt":"2016-08-27T09:41:45","guid":{"rendered":"https:\/\/nautilusaudiovisual.es\/aviso-legal\/"},"modified":"2016-08-27T11:41:45","modified_gmt":"2016-08-27T09:41:45","slug":"aviso-legal","status":"publish","type":"page","link":"https:\/\/nautilusaudiovisual.es\/val\/aviso-legal\/","title":{"rendered":"Aviso Legal"},"content":{"rendered":"<p><strong>Aviso Legal, pol\u00edtica de privacidad<\/strong><\/p>\n<p>El USUARIO que accede y usa esta p\u00e1gina web conoce y acepta las condiciones generales aqu\u00ed redactadas, y las modificaciones que se produzcan, debiendo acceder peri\u00f3dicamente a \u00e9stas para su conocimiento. La p\u00e1gina web comprende los textos, gr\u00e1ficos, im\u00e1genes, v\u00eddeos, sonidos, dibujos, fotograf\u00edas y software incluidos en la misma, ya sean susceptibles o no de propiedad intelectual.<\/p>\n<p>Nautilus Audiovisual se reserva el derecho a modificar la presente pol\u00edtica para adaptarla a novedades legislativas o jurisprudenciales as\u00ed como a pr\u00e1cticas de la industria. En dichos supuestos, Nautilus Audiovisual anunciar\u00e1 en esta p\u00e1gina los cambios introducidos con razonable antelaci\u00f3n a su puesta en pr\u00e1ctica.<\/p>\n<p><strong>TITULAR DE LA WEB Y EL BLOG<\/strong><\/p>\n<p>Nautilus Audiovisual\u00a0es una marca que pertenece a Joana Chilet Mart\u00ednez con CIF 52723844R, con domicilio social en C\/ Historiador Diago, 21, pta 3 C\u00f3digo Postal 46007 de Valencia (VALENCIA).<\/p>\n<p><strong>OBJETO DE LA WEB Y EL BLOG<\/strong><\/p>\n<p>Nautilus Audiovisual pone a disposici\u00f3n del p\u00fablico (en adelante USUARIO), que acceda al dominio, nautilusaudiovisual.es \u00a0(en adelante WEB y BLOG), informaci\u00f3n y datos (en adelante CONTENIDOS), mediante una web de car\u00e1cter informativa. Los CONTENIDOS de la web son proporcionados y creados por Nautilus Audiovisual en ocasiones, en colaboraci\u00f3n con DRAC M\u00c0GIC.<\/p>\n<p><strong>ACCESO A LA WEB Y AL BLOG<\/strong><\/p>\n<p>El acceso y uso de la WEB y el BLOG por los usuarios es gratuito. El acceso y uso de USUARIO a esta WEB y\/o al BLOG no implica ninguna obligaci\u00f3n sobre la calidad y velocidad del acceso por parte de Nautilus Audiovisual, que podr\u00e1 modificar las condiciones de acceso o suspender el acceso a la WEB y al BLOG, en su totalidad o parte, sin previo aviso, no responsabiliz\u00e1ndose Nautilus Audiovisual, de las consecuencias, da\u00f1os y perjuicios ocasionados por la modificaci\u00f3n del acceso y la suspensi\u00f3n de la WEB y\/o el BLOG. El hardware y software necesarios para acceder a la web ser\u00e1n por cuenta de los USUARIOS. Nautilus Audiovisual no ser\u00e1 responsable del funcionamiento ni de las consecuencias de \u00e9stos, ni de los derechos de uso o licencias requeridos para su utilizaci\u00f3n. Tampoco ser\u00e1 responsable Nautilus Audiovisual de ninguna anomal\u00eda, mal funcionamiento, deterioro, borrado de datos o software que se produzca en los equipos o sistemas de los USUARIOS, como consecuencia directa o indirecta del acceso o intento de acceso a la WEB y\/o BLOG. El servicio prestado por Nautilus Audiovisual mediante su WEB y BLOG es por tiempo indefinido, sin perjuicio de poder suspenderse o cancelarse \u00e9sta sin previo aviso.<\/p>\n<p><strong>CONTENIDOS DE LA WEB<\/strong><\/p>\n<p>Los idiomas utilizado por Nautilus Audiovisual en la WEB ser\u00e1 el castellano y el valenciano, sin perjuicio de la utilizaci\u00f3n de otras lenguas, nacionales o auton\u00f3micas. Nautilus Audiovisualno se responsabiliza de la no comprensi\u00f3n o entendimiento del idioma de la WEB y\/o el BLOG por el usuario, ni de sus consecuencias. Los contenidos de la WEB y el BLOG tienen como finalidad informar y dar a conocer las actividades y productos creados por Nautilus Audiovisual y tienen un car\u00e1cter general y orientativo, no siendo vinculantes para Nautilus Audiovisual. Nautilus Audiovisual podr\u00e1 modificar los contenidos sin previo aviso, as\u00ed como suprimir y cambiar \u00e9stos dentro de la WEB y el BLOG, como la forma en que se accede a \u00e9stos, sin justificaci\u00f3n alguna y libremente, no responsabiliz\u00e1ndose de las consecuencias que los mismos puedan ocasionar a los usuarios. Son propiedad de Nautilus Audiovisual, todos los derechos de propiedad industrial e intelectual de la WEB, as\u00ed como de los contenidos que alberga.<\/p>\n<p>Respecto de los contenidos de la web se reconoce el derecho de cita, por lo que podr\u00e1n ser reproducidos y utilizados con los fines que se consideren oportunos incluyendo siempre la fuente y el nombre del autor.<\/p>\n<p>Los enlaces o hiperenlaces que incorporen terceros en sus p\u00e1ginas web, dirigidos a esta WEB y al BLOG, ser\u00e1n para la apertura de la p\u00e1gina web completa, no pudiendo manifestar, directa o indirectamente, indicaciones falsas, inexactas o confusas, ni incurrir en acciones desleales o il\u00edcitas en contra de Nautilus Audiovisual. Nautilus Audiovisual no se hace responsable de la fiabilidad y rapidez de los hiperenlaces que se incorporen en la WEB y el BLOG para la apertura de otras. Nautilus Audiovisual no garantiza la utilidad de estos enlaces, ni se responsabiliza de los contenidos o servicios a los que pueda acceder el USUARIO por medio de estos enlaces, ni del buen funcionamiento de estas webs.<\/p>\n<p><strong>USUARIOS DE LA WEB<\/strong><\/p>\n<p>Todos los servicios ofrecidos en la WEB i\/o BLOG est\u00e1n dirigidos a mayores de edad, si se a\u00f1adiera alg\u00fan servicio que recoja datos de menores de edad en los que se produzca la recogida de Datos Personales, Nautilus Audiovisual solicitar\u00e1 siempre la conformidad paterna para que los menores puedan acceder a ellos y sus Datos Personales puedan ser objeto de tratamiento automatizado seg\u00fan lo previsto en este aviso sobre la Pol\u00edtica de Protecci\u00f3n de Datos. Los usuarios que accedan a la WEB y\/o al BLOG de Nautilus Audiovisual lo har\u00e1n conforme a la Ley, y se obligan en todo momento a no acceder a la web y\/o al blog, y a los contenidos de forma contraria a la establecida y\/o con fines il\u00edcitos, lesivos de derechos y libertades de terceros, o que puedan da\u00f1ar, deteriorar, saturar o ralentizar la web, en perjuicio de Nautilus Audiovisual o de terceros usuarios.<\/p>\n<p>Los usuarios no har\u00e1n uso de los contenidos de la WEB y BLOG de forma contraria a la Ley, (especialmente la Ley de Propiedad Intelectual e Industrial) usos y costumbres y orden p\u00fablico, ni copiar\u00e1n, distribuir\u00e1n, difundir\u00e1n, transformar\u00e1n, modificar\u00e1n o manipular\u00e1n \u00e9stos. Nautilus Audiovisual si dispone en su web y blog de servicio de correo electr\u00f3nico a disposici\u00f3n de los usuarios con la finalidad de que \u00e9stos puedan ponerse en contacto con Nautilus Audiovisual, por lo que \u00e9stos se comprometen a utilizar dicho servicio de correo electr\u00f3nico conforme a la Ley, la moral, las buenas costumbres y el orden p\u00fablico. El acceso a los contenidos de la WEB por parte del USUARIO ser\u00e1 bajo su total responsabilidad no pudiendo repercutir a Nautilus Audiovisual cualquier consecuencia derivada directa o indirectamente del acceso a la web y\/o al Blog ya sean de \u00e1mbito f\u00edsico, l\u00f3gico, moral o personal. Nautilus Audiovisual podr\u00e1 responsabilizar a los usuarios que haciendo un mal uso de la WEB y\/o BLOG, causasen da\u00f1os o perjuicios a terceras personas, as\u00ed como de los posibles virus o programas inform\u00e1ticos, que pudiesen introducir, generar, alojar en la web, y deterioren o puedan deteriorar tanto lo contenidos como el buen funcionamiento de \u00e9sta, as\u00ed como los equipos, sistemas y programas de los usuarios de la weby\/o BLOG. Nautilus Audiovisual podr\u00e1 dirigirse contra los usuarios sobre todas las reclamaciones, indemnizaciones, multas o sanciones administrativas que recayesen sobre Nautilus Audiovisual y sean responsabilidad directa o indirecta de alg\u00fan USUARIO de los contenidos o servicios de la WEB y\/o BLOG.<\/p>\n<p><strong>POLITICA DE PRIVACIDAD<\/strong><\/p>\n<p>El USUARIO determina libre y voluntariamente si desea facilitar a Nautilus Audiovisual los Datos Personales que se les puedan requerir con ocasi\u00f3n de la suscripci\u00f3n o alta en algunos de los servicios ofrecidos por la Nautilus Audiovisual en la WEB i\/o al BLOG. Los Datos Personales recogidos ser\u00e1n objeto de tratamiento automatizado e incorporados a los correspondientes ficheros automatizados por Nautilus Audiovisual, siendo Nautilus Audiovisual titular y responsable de su propio fichero. Con este objeto, Nautilus Audiovisual proporcionar\u00e1n a los Usuarios los recursos t\u00e9cnicos adecuados para que, con car\u00e1cter previo, puedan acceder a este aviso sobre la Pol\u00edtica de Protecci\u00f3n de Datos o a cualquier otra informaci\u00f3n relevante y puedan prestar su consentimiento a fin de que Nautilus Audiovisual proceda al tratamiento automatizado de sus Datos Personales. Salvo en los campos en que se indique lo contrario, las respuestas a las preguntas sobre Datos Personales son voluntarias, sin que la falta de contestaci\u00f3n implique una merma en la calidad o cantidad de los servicios correspondientes, a menos que se indique otra cosa. La recogida y tratamiento automatizado de los Datos Personales tiene como finalidad el mantenimiento de la relaci\u00f3n contractual en su caso establecida con Nautilus Audiovisual, la gesti\u00f3n, administraci\u00f3n, prestaci\u00f3n, ampliaci\u00f3n y mejora de los servicios en los que el Usuario decida suscribirse, darse de alta, o utilizar la adecuaci\u00f3n de dichos servicios a las preferencias y gustos de los Usuarios, el estudio de la utilizaci\u00f3n de los servicios por parte de los USUARIOS, el dise\u00f1o de nuevos servicios relacionados con dichos servicios, el env\u00edo de actualizaciones de los servicios, el env\u00edo, por medios tradicionales y electr\u00f3nicos, de informaci\u00f3n t\u00e9cnica, operativa y comercial acerca de productos y servicios ofrecidos por Nautilus Audiovisual o a trav\u00e9s de \u00e9stas compa\u00f1\u00edas actualmente y en el futuro. La finalidad de la recogida y tratamiento automatizado de los Datos Personales incluye igualmente el env\u00edo de formularios de encuestas, que el Usuario no queda obligado a contestar. Nautilus Audiovisual no realizar\u00e1 cesiones de dichos datos, salvo para la prestaci\u00f3n de las solicitudes y servicios que lo requieran, indic\u00e1ndose en tal caso, la identidad del destinatario de los datos as\u00ed como los fines para los que dichos datos ser\u00e1n utilizados por el cesionario. El USUARIO podr\u00e1 ejercitar sus derechos de acceso, rectificaci\u00f3n, cancelaci\u00f3n y oposici\u00f3n con arreglo a lo previsto en la Ley Org\u00e1nica 15\/1999 de 13 de diciembre y dem\u00e1s normativa aplicable al efecto, mediante el env\u00edo de una solicitud firmada por el titular de los datos, acompa\u00f1ada de una fotocopia del DNI a la siguiente direcci\u00f3n: C\/ Historiador Diago 21, pta 3. (Valencia), a la atenci\u00f3n del Dpto. de Administraci\u00f3n, tambi\u00e9n podr\u00e1 ejercer este derecho a trav\u00e9s del correo electr\u00f3nico: info@nautilusaudiovisual.es<\/p>\n<p><strong>COOKIES<\/strong><\/p>\n<p>Nautilus Audiovisual utiliza cookies cuando un Usuario navega por los sitios y p\u00e1ginas web del Portal. Nuestras cookies se asocian \u00fanicamente con un Usuario an\u00f3nimo y su ordenador, y no proporcionan por s\u00ed el nombre y apellidos del Usuario. Gracias a las cookies, resulta posible que Nautilus Audiovisual reconozca a los Usuarios registrados despu\u00e9s de que \u00e9stos se hayan registrado por primera vez, sin que se tengan que registrarse en cada visita para acceder a las \u00e1reas y servicios reservados exclusivamente a ellos. Las cookies utilizadas no pueden leer datos de su disco duro ni leer los archivos cookies creados por otros proveedores. Nautilus Audiovisual cifra los datos identificativos del Usuario para mayor seguridad. El Usuario tiene la posibilidad de configurar su navegador para ser avisado en pantalla de la recepci\u00f3n de cookies y para impedir la instalaci\u00f3n de cookies en su disco duro. Para utilizar el Portal, no resulta necesario que el Usuario permita la instalaci\u00f3n de las cookies enviadas por Nautilus Audiovisual, sin perjuicio de que en tal caso ser\u00e1 necesario que el Usuario se registre como usuario de cada uno de los servicios cuya prestaci\u00f3n requiera el previo registro.<\/p>\n<p><strong>AVISO LEGAL<\/strong><\/p>\n<p>Para dar cumplimiento con lo establecido en la Ley 34\/2002, de 11 Julio, de servicios de la sociedad de la informaci\u00f3n y de comercio electr\u00f3nico, a continuaci\u00f3n se indican los datos de informaci\u00f3n general de este sitio Web y Blog (LSSICE):<\/p>\n<p><strong>TITULAR:<\/strong><\/p>\n<p>Joana Chilet Mart\u00ednez<br \/>\nC.I.F: 52723844R<br \/>\nDirecci\u00f3n: C\/Historiador Diago 21, puerta 3<br \/>\nContacto: info@nautilusaudiovisual.es<br \/>\nTel\u00e9fono: 679824186<\/p>\n<p>&nbsp;<\/p>\n","protected":false},"excerpt":{"rendered":"<p>Aviso Legal, pol\u00edtica de privacidad El USUARIO que accede y usa esta p\u00e1gina web conoce y acepta las condiciones generales aqu\u00ed redactadas, y las modificaciones que se produzcan, debiendo acceder peri\u00f3dicamente a \u00e9stas para su conocimiento. La p\u00e1gina web comprende los textos, gr\u00e1ficos, im\u00e1genes, v\u00eddeos, sonidos, dibujos, fotograf\u00edas y software incluidos en la misma, ya <a href=\"https:\/\/nautilusaudiovisual.es\/val\/aviso-legal\/\"> [&#8230;]<\/a><\/p>\n","protected":false},"author":4,"featured_media":0,"parent":0,"menu_order":7,"comment_status":"closed","ping_status":"closed","template":"","meta":{"_acf_changed":false,"_themeisle_gutenberg_block_has_review":false,"footnotes":""},"class_list":["post-2320","page","type-page","status-publish","hentry"],"acf":[],"_links":{"self":[{"href":"https:\/\/nautilusaudiovisual.es\/val\/wp-json\/wp\/v2\/pages\/2320","targetHints":{"allow":["GET"]}}],"collection":[{"href":"https:\/\/nautilusaudiovisual.es\/val\/wp-json\/wp\/v2\/pages"}],"about":[{"href":"https:\/\/nautilusaudiovisual.es\/val\/wp-json\/wp\/v2\/types\/page"}],"author":[{"embeddable":true,"href":"https:\/\/nautilusaudiovisual.es\/val\/wp-json\/wp\/v2\/users\/4"}],"replies":[{"embeddable":true,"href":"https:\/\/nautilusaudiovisual.es\/val\/wp-json\/wp\/v2\/comments?post=2320"}],"version-history":[{"count":0,"href":"https:\/\/nautilusaudiovisual.es\/val\/wp-json\/wp\/v2\/pages\/2320\/revisions"}],"wp:attachment":[{"href":"https:\/\/nautilusaudiovisual.es\/val\/wp-json\/wp\/v2\/media?parent=2320"}],"curies":[{"name":"wp","href":"https:\/\/api.w.org\/{rel}","templated":true}]}}