{"id":2319,"date":"2016-08-27T11:41:28","date_gmt":"2016-08-27T09:41:28","guid":{"rendered":"https:\/\/nautilusaudiovisual.es\/cookies\/"},"modified":"2016-08-27T11:41:28","modified_gmt":"2016-08-27T09:41:28","slug":"cookies","status":"publish","type":"page","link":"https:\/\/nautilusaudiovisual.es\/val\/cookies\/","title":{"rendered":"Cookies"},"content":{"rendered":"<div class=\"fusion-fullwidth fullwidth-box fusion-builder-row-1 hundred-percent-fullwidth non-hundred-percent-height-scrolling\" style=\"--awb-border-radius-top-left:0px;--awb-border-radius-top-right:0px;--awb-border-radius-bottom-right:0px;--awb-border-radius-bottom-left:0px;--awb-overflow:visible;--awb-flex-wrap:wrap;\" ><div class=\"fusion-builder-row fusion-row\"><div class=\"fusion-layout-column fusion_builder_column fusion-builder-column-0 fusion_builder_column_1_1 1_1 fusion-one-full fusion-column-first fusion-column-last\" style=\"--awb-bg-size:cover;\"><div class=\"fusion-column-wrapper fusion-flex-column-wrapper-legacy\"><div class=\"fusion-text fusion-text-1\"><p>Utilizamos cookies propias para el correcto funcionamiento de la p\u00e1gina web y de todos sus servicios,\u00a0y de terceros para analizar el tr\u00e1fico en nuestra p\u00e1gina web. Si continua navegando, consideramos\u00a0que acepta su uso. Puede cambiar la configuraci\u00f3n u obtener m\u00e1s informaci\u00f3n \u201cInfo\u201d.\u00a0En dicho aviso, deber\u00e1 aparecer un bot\u00f3n para la aceptaci\u00f3n del aviso. \u201cAceptar\u201d.<\/p>\n<p>Haciendo clic en la palabra \u201cInfo\u201d, se abre nueva informaci\u00f3n al usuario, que es la siguiente:<\/p>\n<p><strong>DEFINICI\u00d3N DE COOKIES.<\/strong><\/p>\n<p>Una cookie es un fichero que se descarga en su ordenador al acceder a determinadas p\u00e1ginas web.\u00a0Las cookies permiten a una p\u00e1gina web, entre otras cosas, almacenar y recuperar informaci\u00f3n sobre\u00a0los h\u00e1bitos de navegaci\u00f3n de un usuario o de su equipo y, dependiendo de la informaci\u00f3n que\u00a0contengan y de la forma en que utilice su equipo, pueden utilizarse para reconocer al usuario.<br \/>\nLa web de Nautilus Audiovisual utiliza estas cookies propias y de\u00a0terceros, todas en el dominio nautilusaudiovisual.es.<\/p>\n<p><strong>TIPOS DE COOKIES.<\/strong><\/p>\n<p>1.- Tipos de cookies, seg\u00fan la entidad que las gestione:<\/p>\n<p>a) Cookies Propias: Son aquellas que se env\u00edan al equipo terminal del usuario desde un equipo o\u00a0dominio gestionado por el propio editor y desde que se presta el servicio solicitado por el usuario.<br \/>\nb) Cookies de terceros: Son aquellas que se env\u00edan al equipo terminal del usuario desde un equipo o\u00a0dominio que no es gestionado por el editor, sino por otra entidad que trata los datos obtenidos a\u00a0trav\u00e9s de las cookies.<\/p>\n<p>2.- Tipos de cookies, seg\u00fan su finalidad:<\/p>\n<p>a) Cookies T\u00e9cnicas: Son aquellas que permiten al usuario la navegaci\u00f3n a trav\u00e9s de la p\u00e1gina web,\u00a0plataforma o aplicaci\u00f3n y la utilizaci\u00f3n de las diferentes opciones o servicios que en ella existen.<br \/>\nb) Cookies de An\u00e1lisis: Son aquellas que permiten al responsable de las mismas, el seguimiento y\u00a0an\u00e1lisis del comportamiento de los usuarios de los sitios web a los que est\u00e1n vinculadas.<br \/>\n3.-Tipos de cookies, seg\u00fan el plazo de tiempo de tiempo que permanecen activadas:<br \/>\na) Cookies de Sesi\u00f3n: Son las dise\u00f1adas para recabar y almacenar datos mientras el usuario accede a\u00a0una p\u00e1gina web. Se suelen emplear para la prestaci\u00f3n del servicio solicitado por el usuario en una\u00a0sola ocasi\u00f3n.<br \/>\nb) Cookies Persistentes: Son las dise\u00f1adas para que los datos sigan almacenados en el terminal y\u00a0pueden ser accedidos y tratados durante un periodo definido por el responsable de la cookie, y que\u00a0puede ir de unos minutos a varios a\u00f1os.<\/p>\n<p><strong>BLOQUEO\/ELIMINACION DE LAS COOKIES<\/strong><\/p>\n<p>Puede usted permitir, bloquear o eliminar las cookies instaladas en su equipo mediante la\u00a0configuraci\u00f3n de las opciones del navegador instalado en su ordenador.<\/p>\n<p><a href=\"http:\/\/support.google.com\/chrome\/bin\/answer.py?hl=es&amp;answer=95647\" target=\"_blank\" rel=\"noopener noreferrer\">Chrome<\/a><br \/>\n<a href=\"http:\/\/windows.microsoft.com\/es-es\/windows7\/how-to-manage-cookies-in-internet-explorer-9\" target=\"_blank\" rel=\"noopener noreferrer\">Explorer<\/a><br \/>\n<a href=\"http:\/\/support.mozilla.org\/es\/kb\/habilitar-y-deshabilitar-cookies-que-los-sitios-we\" target=\"_blank\" rel=\"noopener noreferrer\">Firefox<\/a><br \/>\n<a href=\"http:\/\/support.apple.com\/kb\/ph5042\" target=\"_blank\" rel=\"noopener noreferrer\">Safari<\/a><\/p>\n<p><strong>ACCESO A DATOS<\/strong><\/p>\n<p>Las cookies de nuestro sitio web son \u00fanicamente utilizadas por Nautilus Audiovisual para mejorar\u00a0\u00a0la experiencia del usuario.<\/p>\n<\/div><div class=\"fusion-clearfix\"><\/div><\/div><\/div><\/div><\/div>\n","protected":false},"excerpt":{"rendered":"","protected":false},"author":4,"featured_media":0,"parent":0,"menu_order":6,"comment_status":"closed","ping_status":"closed","template":"","meta":{"_acf_changed":false,"_themeisle_gutenberg_block_has_review":false,"footnotes":""},"class_list":["post-2319","page","type-page","status-publish","hentry"],"acf":[],"_links":{"self":[{"href":"https:\/\/nautilusaudiovisual.es\/val\/wp-json\/wp\/v2\/pages\/2319","targetHints":{"allow":["GET"]}}],"collection":[{"href":"https:\/\/nautilusaudiovisual.es\/val\/wp-json\/wp\/v2\/pages"}],"about":[{"href":"https:\/\/nautilusaudiovisual.es\/val\/wp-json\/wp\/v2\/types\/page"}],"author":[{"embeddable":true,"href":"https:\/\/nautilusaudiovisual.es\/val\/wp-json\/wp\/v2\/users\/4"}],"replies":[{"embeddable":true,"href":"https:\/\/nautilusaudiovisual.es\/val\/wp-json\/wp\/v2\/comments?post=2319"}],"version-history":[{"count":0,"href":"https:\/\/nautilusaudiovisual.es\/val\/wp-json\/wp\/v2\/pages\/2319\/revisions"}],"wp:attachment":[{"href":"https:\/\/nautilusaudiovisual.es\/val\/wp-json\/wp\/v2\/media?parent=2319"}],"curies":[{"name":"wp","href":"https:\/\/api.w.org\/{rel}","templated":true}]}}