{"id":2199,"date":"2022-10-25T17:35:05","date_gmt":"2022-10-25T15:35:05","guid":{"rendered":"https:\/\/nautilusaudiovisual.es\/?page_id=2199"},"modified":"2022-10-25T18:05:42","modified_gmt":"2022-10-25T16:05:42","slug":"adapta-market","status":"publish","type":"page","link":"https:\/\/nautilusaudiovisual.es\/val\/adapta-market\/","title":{"rendered":"Adapta Market"},"content":{"rendered":"<div class=\"fusion-fullwidth fullwidth-box fusion-builder-row-1 nonhundred-percent-fullwidth non-hundred-percent-height-scrolling fusion-equal-height-columns\" style=\"--awb-background-position:left top;--awb-border-sizes-top:0px;--awb-border-sizes-bottom:0px;--awb-border-sizes-left:0px;--awb-border-sizes-right:0px;--awb-border-radius-top-left:0px;--awb-border-radius-top-right:0px;--awb-border-radius-bottom-right:0px;--awb-border-radius-bottom-left:0px;--awb-padding-top:50px;--awb-padding-bottom:80px;--awb-flex-wrap:wrap;\" ><div class=\"fusion-builder-row fusion-row\"><div class=\"fusion-layout-column fusion_builder_column fusion-builder-column-0 fusion_builder_column_1_2 1_2 fusion-one-half fusion-column-first\" style=\"--awb-bg-size:cover;width:50%;width:calc(50% - ( ( 4% ) * 0.5 ) );margin-right: 4%;\"><div class=\"fusion-column-wrapper fusion-column-has-shadow fusion-flex-column-wrapper-legacy\"><div class=\"fusion-text fusion-text-1\"><p><img decoding=\"async\" class=\"aligncenter size-full wp-image-2259\" src=\"https:\/\/nautilusaudiovisual.es\/wp-content\/uploads\/2022\/10\/adaptamarket-interior.jpg\" alt=\"Adapta market\" width=\"800\" height=\"550\" srcset=\"https:\/\/nautilusaudiovisual.es\/wp-content\/uploads\/2022\/10\/adaptamarket-interior-200x138.jpg 200w, https:\/\/nautilusaudiovisual.es\/wp-content\/uploads\/2022\/10\/adaptamarket-interior-400x275.jpg 400w, https:\/\/nautilusaudiovisual.es\/wp-content\/uploads\/2022\/10\/adaptamarket-interior-500x344.jpg 500w, https:\/\/nautilusaudiovisual.es\/wp-content\/uploads\/2022\/10\/adaptamarket-interior-600x413.jpg 600w, https:\/\/nautilusaudiovisual.es\/wp-content\/uploads\/2022\/10\/adaptamarket-interior-768x528.jpg 768w, https:\/\/nautilusaudiovisual.es\/wp-content\/uploads\/2022\/10\/adaptamarket-interior.jpg 800w\" sizes=\"(max-width: 800px) 100vw, 800px\" \/><\/p>\n<\/div><div class=\"fusion-clearfix\"><\/div><\/div><\/div><div class=\"fusion-layout-column fusion_builder_column fusion-builder-column-1 fusion_builder_column_1_2 1_2 fusion-one-half fusion-column-last\" style=\"--awb-bg-size:cover;width:50%;width:calc(50% - ( ( 4% ) * 0.5 ) );\"><div class=\"fusion-column-wrapper fusion-column-has-shadow fusion-flex-column-wrapper-legacy\"><div class=\"fusion-text fusion-text-2\"><p><strong>ADAPTA MARKET<\/strong> \u00e9s una plataforma web destinada a fer de pont entre la literatura i l\u2019audiovisual, per tal de potenciar el sector de les adaptacions liter\u00e0ries a la pantalla.<\/p>\n<p>L\u2019objectiu principal \u00e9s posar en contacte les persones que treballen en el m\u00f3n literari i les que formen part del m\u00f3n audiovisual.<\/p>\n<p><a class=\"boton-interior\" title=\"adapta market\" href=\"https:\/\/www.adaptamarket.com\/es\/\" target=\"_blank\" rel=\"noopener\">VEURE P\u00c0GINA WEB<\/a><\/p>\n<\/div><div class=\"fusion-clearfix\"><\/div><\/div><\/div><\/div><\/div>\n","protected":false},"excerpt":{"rendered":"","protected":false},"author":5,"featured_media":0,"parent":0,"menu_order":1,"comment_status":"closed","ping_status":"closed","template":"","meta":{"_acf_changed":false,"_themeisle_gutenberg_block_has_review":false,"footnotes":""},"class_list":["post-2199","page","type-page","status-publish","hentry"],"acf":[],"_links":{"self":[{"href":"https:\/\/nautilusaudiovisual.es\/val\/wp-json\/wp\/v2\/pages\/2199","targetHints":{"allow":["GET"]}}],"collection":[{"href":"https:\/\/nautilusaudiovisual.es\/val\/wp-json\/wp\/v2\/pages"}],"about":[{"href":"https:\/\/nautilusaudiovisual.es\/val\/wp-json\/wp\/v2\/types\/page"}],"author":[{"embeddable":true,"href":"https:\/\/nautilusaudiovisual.es\/val\/wp-json\/wp\/v2\/users\/5"}],"replies":[{"embeddable":true,"href":"https:\/\/nautilusaudiovisual.es\/val\/wp-json\/wp\/v2\/comments?post=2199"}],"version-history":[{"count":4,"href":"https:\/\/nautilusaudiovisual.es\/val\/wp-json\/wp\/v2\/pages\/2199\/revisions"}],"predecessor-version":[{"id":2354,"href":"https:\/\/nautilusaudiovisual.es\/val\/wp-json\/wp\/v2\/pages\/2199\/revisions\/2354"}],"wp:attachment":[{"href":"https:\/\/nautilusaudiovisual.es\/val\/wp-json\/wp\/v2\/media?parent=2199"}],"curies":[{"name":"wp","href":"https:\/\/api.w.org\/{rel}","templated":true}]}}